{"id":160,"date":"2019-01-09T03:20:18","date_gmt":"2019-01-09T03:20:18","guid":{"rendered":"https:\/\/themify.me\/demo\/themes\/ultra-horizontal\/?page_id=7"},"modified":"2022-10-14T13:10:46","modified_gmt":"2022-10-14T18:10:46","slug":"home","status":"publish","type":"page","link":"http:\/\/pepinor.com\/","title":{"rendered":"Accueil"},"content":{"rendered":"<!--themify_builder_content-->\n<div id=\"themify_builder_content-160\" data-postid=\"160\" class=\"themify_builder_content themify_builder_content-160 themify_builder tf_clear\">\n    \t<!-- module_row -->\n\t<div  data-anchor=\"home\" data-css_id=\"95aa6ba\" data-lazy=\"1\" class=\"module_row themify_builder_row fullcover fullheight fullwidth tb_has_section tb_section-home tb_95aa6ba tb_first tf_clearfix\" >\n\t    \t\t<div class=\"row_inner col_align_middle gutter-none tf_box tf_w tf_rel\"  data-basecol=\"3\" data-col_tablet=\"column-full\">\n\t\t\t<div  data-lazy=\"1\" class=\"module_column tb-column col3-1 first tb_ba46355 fullcover tf_box\">\n\t    \t    \t        <div class=\"tb-column-inner tf_box tf_w\">\n\t\t    <!-- module text -->\n<div  class=\"module module-text tb_45c05a1  repeat \" data-lazy=\"1\">\n            <div  class=\"tb_text_wrap\">\n    <h3><a href=\"#about\">Bienvenue<\/a><\/h3>    <\/div>\n<\/div>\n<!-- \/module text -->\t        <\/div>\n\t    \t<\/div>\n\t\t<div  data-lazy=\"1\" class=\"module_column tb-column col3-1 middle tb_a8f85b0 fullcover tf_box\">\n\t    \t    \t        <div class=\"tb-column-inner tf_box tf_w\">\n\t\t    <!-- module text -->\n<div  class=\"module module-text tb_n0u5689  repeat \" data-lazy=\"1\">\n            <div  class=\"tb_text_wrap\">\n    <h3><a href=\"#produits\">Produits<\/a><\/h3>\n<h3><a href=\"#prix\">Prix<\/a><\/h3>\n<h3><a href=\"#services\">Services<\/a><\/h3>    <\/div>\n<\/div>\n<!-- \/module text -->\t        <\/div>\n\t    \t<\/div>\n\t\t<div  data-lazy=\"1\" class=\"module_column tb-column col3-1 last tb_8629e52 fullcover tf_box\">\n\t    \t    \t        <div class=\"tb-column-inner tf_box tf_w\">\n\t\t    <!-- module text -->\n<div  class=\"module module-text tb_lsy6690  repeat \" data-lazy=\"1\">\n            <div  class=\"tb_text_wrap\">\n    <h3><a href=\"#Contact\/contact\">Contactez-nous<\/a><\/h3>    <\/div>\n<\/div>\n<!-- \/module text -->\t        <\/div>\n\t    \t<\/div>\n\t\t    <\/div>\n\t    <!-- \/row_inner -->\n\t<\/div>\n\t<!-- \/module_row -->\n\t\t<!-- module_row -->\n\t<div  data-anchor=\"about\" data-css_id=\"iqmo498\" data-lazy=\"1\" class=\"module_row themify_builder_row fullheight fullwidth tb_has_section tb_section-about tb_iqmo498 tf_clearfix\" >\n\t    \t\t<div class=\"row_inner col_align_middle gutter-none tf_box tf_w tf_rel\"  data-basecol=\"2\" data-col_tablet=\"column-full\">\n\t\t\t<div  data-lazy=\"1\" class=\"module_column tb-column col4-2 first tb_mwul499 repeat tf_box\">\n\t    \t    \t        <div class=\"tb-column-inner tf_box tf_w\">\n\t\t    <!-- module text -->\n<div  class=\"module module-text tb_leem500  repeat \" data-lazy=\"1\">\n            <div  class=\"tb_text_wrap\">\n    <p>Bienvenue chez Pepinor<\/p>\n<p><strong>PEPINOR<\/strong> existe depuis plus de 30 ans.<\/p>\n<p>Nous sommes une p\u00e9pini\u00e8re de production de Thuya occidental (C\u00e8dre, c\u00e8dre blanc, thuya du Canada, thuja occidentalis).<\/p>\n<p><strong>NOTRE SP\u00c9CIALIT\u00c9<\/strong><\/p>\n<p>Les C\u00c8DRES DE HAIE que nous cultivons ici-m\u00eame sur la terre et vendons au prix du PRODUCTEUR.<\/p>\n<p>Nous sommes install\u00e9s sur la terre familiale, juste \u00e0 c\u00f4t\u00e9 de l\u2019autoroute 440 et autoroute 25, sur le rang du Haut St-Fran\u00e7ois.<\/p>\n<p>Nous avons une petite \u00e9quipe de travailleurs d\u00e9vou\u00e9s et exp\u00e9riment\u00e9s qui se feront un plaisir de vous servir et de vous faciliter la vie.<\/p>\n<p><img loading=\"lazy\" decoding=\"async\" class=\"alignright size-full wp-image-16\" src=\"http:\/\/pepinor.com\/wp-content\/uploads\/2019\/10\/pep5.jpg\" alt=\"\" width=\"685\" height=\"250\" srcset=\"http:\/\/pepinor.com\/wp-content\/uploads\/2019\/10\/pep5.jpg 685w, http:\/\/pepinor.com\/wp-content\/uploads\/2019\/10\/pep5-300x109.jpg 300w\" sizes=\"auto, (max-width: 685px) 100vw, 685px\" \/><\/p>\n<p>\u00a0<\/p>    <\/div>\n<\/div>\n<!-- \/module text -->\t        <\/div>\n\t    \t<\/div>\n\t\t<div  data-lazy=\"1\" class=\"module_column tb-column col4-2 last tb_7frm501 fullcover tf_box\">\n\t    \t    \t<\/div>\n\t\t    <\/div>\n\t    <!-- \/row_inner -->\n\t<\/div>\n\t<!-- \/module_row -->\n\t\t<!-- module_row -->\n\t<div  data-anchor=\"produits\" data-css_id=\"vzbc41\" data-lazy=\"1\" class=\"module_row themify_builder_row fullheight fullwidth tb_has_section tb_section-produits tb_vzbc41 tf_clearfix\" >\n\t    \t\t<div class=\"row_inner col_align_middle gutter-none tf_box tf_w tf_rel\"  data-basecol=\"2\" data-col_tablet=\"column-full\">\n\t\t\t<div  data-lazy=\"1\" class=\"module_column tb-column col4-2 first tb_l0kb42 repeat tf_box\">\n\t    \t    \t        <div class=\"tb-column-inner tf_box tf_w\">\n\t\t    <!-- module text -->\n<div  class=\"module module-text tb_jlwo43  repeat \" data-lazy=\"1\">\n            <div  class=\"tb_text_wrap\">\n    <h3>Nos Produits<\/h3>\n<h4><strong><em>Notre sp\u00e9cialit\u00e9 :<\/em><\/strong><strong>\u00a0les c\u00e8dres de haie.<\/strong><\/h4>\n<p><strong>Vous trouverez chez nous toute la gamme des terreaux\u00a0 et paillis de c\u00e8dre Les Sols Isabelle en sac,\u00a0<\/strong> divers produits de jardinage, des engrais et du compost.<\/p>\n<p><strong>Ainsi que la mini-carri\u00e8re pour le vrac :<\/strong><br \/>\u2666 terre noire,<br \/>\u2666 top soil,<br \/>\u2666 pierre concass\u00e9e,<br \/>\u2666 poussi\u00e8re de pierre, etc\u2026<\/p>\n<p><img loading=\"lazy\" decoding=\"async\" class=\"alignnone size-full wp-image-14\" src=\"http:\/\/pepinor.com\/wp-content\/uploads\/2019\/10\/pep3.jpg\" alt=\"\" width=\"300\" height=\"100\" \/><\/p>\n<p>que nous pouvons livrer en petite quantit\u00e9<br \/>(1 \u00e0 5 verges pour la terre et jusqu\u2019\u00e0 4 tonnes pour la pierre).<\/p>\n<p>Notre \u00e9quipe exp\u00e9riment\u00e9e se fera un plaisir de vous aider et ce, 6 jours par semaine, d\u2019avril \u00e0 novembre\u00a0 (v\u00e9rifiez les horaires selon la saison)<\/p>\n<p>Tous nos c\u00e8dres d\u00e9butent par le semis en tunnel pour par la suite \u00eatre plant\u00e9 en champs et\/ou en pots. <a href=\"#produits2\">Voir la galerie de photos.<\/a><\/p>    <\/div>\n<\/div>\n<!-- \/module text -->\t        <\/div>\n\t    \t<\/div>\n\t\t<div  data-lazy=\"1\" class=\"module_column tb-column col4-2 last tb_tpua45 fullcover tf_box\">\n\t    \t    \t<\/div>\n\t\t    <\/div>\n\t    <!-- \/row_inner -->\n\t<\/div>\n\t<!-- \/module_row -->\n\t\t<!-- module_row -->\n\t<div  data-anchor=\"services\" data-css_id=\"3pib629\" data-lazy=\"1\" class=\"module_row themify_builder_row fullheight fullwidth tb_has_section tb_section-services tb_3pib629 tf_clearfix\" >\n\t    \t\t<div class=\"row_inner col_align_middle gutter-none tf_box tf_w tf_rel\"  data-basecol=\"2\" data-col_tablet=\"column-full\">\n\t\t\t<div  data-lazy=\"1\" class=\"module_column tb-column col4-2 first tb_4lv0630 repeat tf_box\">\n\t    \t    \t        <div class=\"tb-column-inner tf_box tf_w\">\n\t\t    <!-- module text -->\n<div  class=\"module module-text tb_biq6630  repeat \" data-lazy=\"1\">\n            <div  class=\"tb_text_wrap\">\n    <h3>Nos services<\/h3>\n<h4><em><strong>Notre sp\u00e9cialit\u00e9 :\u00a0les c\u00e8dres de haie.<\/strong><\/em><\/h4>\n<p>Chez Pepinor, vous avez le choix :<\/p>\n<p>Bien que nous vous encouragions \u00e0 venir chercher vos c\u00e8dres sur place, vous pouvez utiliser notre <strong>service de livraison <\/strong>(Laval\/Rive-Nord).<\/p>\n<p>Appelez-nous afin de vous renseigner sur les co\u00fbts associ\u00e9s \u00e0 ce service ainsi que de sa disponibilit\u00e9 dans votre localit\u00e9.<\/p>\n<p><strong>Installation clef en main garantie<\/strong><\/p>\n<p>Nous pouvons aussi, si vous le d\u00e9sirez, effectuer la plantation de votre haie de c\u00e8dre (Laval\/Rive-nord).<\/p>\n<p>Ces travaux incluent le creusage de la tranch\u00e9e, la fourniture des c\u00e8dres, de la terre, du compost et de l\u2019engrais et nous offrons une garantie d\u2019un an.<\/p>\n<p><a href=\"#contact\">Appelez-nous!<\/a><\/p>    <\/div>\n<\/div>\n<!-- \/module text -->\t        <\/div>\n\t    \t<\/div>\n\t\t<div  data-lazy=\"1\" class=\"module_column tb-column col4-2 last tb_wzgr631 fullcover tf_box\">\n\t    \t    \t<\/div>\n\t\t    <\/div>\n\t    <!-- \/row_inner -->\n\t<\/div>\n\t<!-- \/module_row -->\n\t\t<!-- module_row -->\n\t<div  data-anchor=\"prix\" data-css_id=\"xdbe135\" data-lazy=\"1\" class=\"module_row themify_builder_row fullheight fullwidth tb_has_section tb_section-prix tb_xdbe135 tf_clearfix\" >\n\t    \t\t<div class=\"row_inner col_align_middle gutter-none tf_box tf_w tf_rel\"  data-basecol=\"2\" data-col_tablet=\"column-full\">\n\t\t\t<div  data-lazy=\"1\" class=\"module_column tb-column col4-2 first tb_99dg136 repeat tf_box\">\n\t    \t    \t        <div class=\"tb-column-inner tf_box tf_w\">\n\t\t    <!-- module text -->\n<div  class=\"module module-text tb_gxm0136  repeat \" data-lazy=\"1\">\n            <div  class=\"tb_text_wrap\">\n    <h3>Nos Prix<\/h3>\n<h4><em><strong>Notre sp\u00e9cialit\u00e9 :\u00a0les c\u00e8dres de haie.<\/strong><\/em><\/h4>\n<h4><strong>C\u00e8dres en pot<\/strong><\/h4>\n<p>Disponible de 3 \u00e0 4 pieds<\/p>\n<p>\u00c0 des prix tr\u00e8s comp\u00e9titifs! (<a href=\"#contact\">appelez-nous<\/a>)<\/p>\n<h4><strong>C\u00e8dres en mottes<\/strong><\/h4>\n<p><em>Bienvenue aux paysagistes<\/em>\u00a0<\/p>\n<p><img loading=\"lazy\" decoding=\"async\" class=\"alignright wp-image-350\" src=\"http:\/\/pepinor.com\/wp-content\/uploads\/2020\/03\/motte-7-scaled-e1585074675149-300x163.jpg\" alt=\"\" width=\"350\" height=\"190\" srcset=\"http:\/\/pepinor.com\/wp-content\/uploads\/2020\/03\/motte-7-scaled-e1585074675149-300x163.jpg 300w, http:\/\/pepinor.com\/wp-content\/uploads\/2020\/03\/motte-7-scaled-e1585074675149-1024x556.jpg 1024w, http:\/\/pepinor.com\/wp-content\/uploads\/2020\/03\/motte-7-scaled-e1585074675149-768x417.jpg 768w, http:\/\/pepinor.com\/wp-content\/uploads\/2020\/03\/motte-7-scaled-e1585074675149.jpg 1414w\" sizes=\"auto, (max-width: 350px) 100vw, 350px\" \/><\/p>\n<p>C\u00e8dre de 4 pieds<\/p>\n<p>C\u00e8dre de 5 pieds<\/p>\n<p>C\u00e8dre de 6 pieds<\/p>\n<p>C\u00e8dre de 7 pieds<\/p>\n<p>Possibilit\u00e9 d&#8217;obtenir des c\u00e8dres de 8 pieds et plus (<a href=\"#contact\">appelez-nous<\/a>)<\/p>    <\/div>\n<\/div>\n<!-- \/module text -->\t        <\/div>\n\t    \t<\/div>\n\t\t<div  data-lazy=\"1\" class=\"module_column tb-column col4-2 last tb_0p58137 fullcover tf_box\">\n\t    \t    \t<\/div>\n\t\t    <\/div>\n\t    <!-- \/row_inner -->\n\t<\/div>\n\t<!-- \/module_row -->\n\t\t<!-- module_row -->\n\t<div  data-anchor=\"produits2\" data-css_id=\"4tdn576\" data-lazy=\"1\" class=\"module_row themify_builder_row fullheight fullwidth tb_has_section tb_section-produits2 tb_4tdn576 tf_clearfix\" >\n\t    \t\t<div class=\"row_inner col_align_middle gutter-none tf_box tf_w tf_rel\"  data-basecol=\"1\" data-col_tablet=\"column-full\">\n\t\t\t<div  data-lazy=\"1\" class=\"module_column tb-column col-full first tb_1ykp576 repeat tf_box\">\n\t    \t    \t        <div class=\"tb-column-inner tf_box tf_w\">\n\t\t    <!-- module gallery -->\n<div  class=\"module gallery module-gallery tb_birx142 layout-grid bordered \" data-lazy=\"1\" data-lax=\"true\" data-lax-anchor=\"self\" data-lax-optimize=\"true\" data-lax-translate-x=\"(vh*1) 0,(vh*0) -600\" data-lax-no-op=\"true\">\n        \t<h3 class=\"module-title\">Plantation en images<\/h3>        <div class=\"module-gallery-grid gallery-columns-4 tf_clear\">\n\t\t\t<dl class=\"gallery-item\">\n\t\t\t<dt class=\"gallery-icon\">\n\t\t\t<a data-title=\"\" title=\"Semis de d\u00e9part\" href=\"http:\/\/pepinor.com\/wp-content\/uploads\/2020\/03\/serre-1024x768.jpg\" data-rel=\"tb_birx142\" class=\"themify_lightbox\"><img loading=\"lazy\" decoding=\"async\" src=\"http:\/\/pepinor.com\/wp-content\/uploads\/2020\/03\/serre-1024x768-300x200.jpg\" width=\"300\" height=\"200\" class=\"wp-post-image wp-image-291\" title=\"serre\" alt=\"serre\"><\/a>\t\t\t<\/dt>\n\t\t\t<dd>\n\t\t\t\t\t\t\t\t\t\t\t<\/dd>\n\t\t<\/dl>\n\t\t\t<dl class=\"gallery-item\">\n\t\t\t<dt class=\"gallery-icon\">\n\t\t\t<a data-title=\"\" title=\"Plantation sur la terre\" href=\"http:\/\/pepinor.com\/wp-content\/uploads\/2020\/03\/grandir-1024x768.jpg\" data-rel=\"tb_birx142\" class=\"themify_lightbox\"><img loading=\"lazy\" decoding=\"async\" src=\"http:\/\/pepinor.com\/wp-content\/uploads\/2020\/03\/grandir-1024x768-300x200.jpg\" width=\"300\" height=\"200\" class=\"wp-post-image wp-image-366\" title=\"OLYMPUS DIGITAL CAMERA\" alt=\"OLYMPUS DIGITAL CAMERA\"><\/a>\t\t\t<\/dt>\n\t\t\t<dd>\n\t\t\t\t\t\t\t\t\t\t\t<\/dd>\n\t\t<\/dl>\n\t\t\t<dl class=\"gallery-item\">\n\t\t\t<dt class=\"gallery-icon\">\n\t\t\t<a data-title=\"\" title=\"Croissance\" href=\"http:\/\/pepinor.com\/wp-content\/uploads\/2020\/03\/Nos-Produits-1024x768.jpg\" data-rel=\"tb_birx142\" class=\"themify_lightbox\"><img loading=\"lazy\" decoding=\"async\" src=\"http:\/\/pepinor.com\/wp-content\/uploads\/2020\/03\/Nos-Produits-1024x768-300x200.jpg\" width=\"300\" height=\"200\" class=\"wp-post-image wp-image-241\" title=\"C\u00e8dre\" alt=\"C\u00e8dre\"><\/a>\t\t\t<\/dt>\n\t\t\t<dd>\n\t\t\t\t\t\t\t\t\t\t\t<\/dd>\n\t\t<\/dl>\n\t\t\t<dl class=\"gallery-item\">\n\t\t\t<dt class=\"gallery-icon\">\n\t\t\t<a data-title=\"\" title=\"Maturit\u00e9\" href=\"http:\/\/pepinor.com\/wp-content\/uploads\/2020\/03\/bienvenue-1024x768.jpg\" data-rel=\"tb_birx142\" class=\"themify_lightbox\"><img loading=\"lazy\" decoding=\"async\" src=\"http:\/\/pepinor.com\/wp-content\/uploads\/2020\/03\/bienvenue-1024x768-300x200.jpg\" width=\"300\" height=\"200\" class=\"wp-post-image wp-image-316\" title=\"c\u00e8dre\" alt=\"c\u00e8dre\"><\/a>\t\t\t<\/dt>\n\t\t\t<dd>\n\t\t\t\t\t\t\t\t\t\t\t<\/dd>\n\t\t<\/dl>\n\t\t\t<dl class=\"gallery-item\">\n\t\t\t<dt class=\"gallery-icon\">\n\t\t\t<a data-title=\"\" title=\"Pr\u00eat \u00e0 \u00eatre replant\u00e9\" href=\"http:\/\/pepinor.com\/wp-content\/uploads\/2020\/03\/grandir3-1024x768.jpg\" data-rel=\"tb_birx142\" class=\"themify_lightbox\"><img loading=\"lazy\" decoding=\"async\" src=\"http:\/\/pepinor.com\/wp-content\/uploads\/2020\/03\/grandir3-1024x768-300x200.jpg\" width=\"300\" height=\"200\" class=\"wp-post-image wp-image-367\" title=\"OLYMPUS DIGITAL CAMERA\" alt=\"OLYMPUS DIGITAL CAMERA\"><\/a>\t\t\t<\/dt>\n\t\t\t<dd>\n\t\t\t\t\t\t\t\t\t\t\t<\/dd>\n\t\t<\/dl>\n\t<\/div>\n\n<\/div>\n<!-- \/module gallery -->\n\t        <\/div>\n\t    \t<\/div>\n\t\t    <\/div>\n\t    <!-- \/row_inner -->\n\t<\/div>\n\t<!-- \/module_row -->\n\t\t<!-- module_row -->\n\t<div  data-anchor=\"contact\" data-css_id=\"28401f3\" data-lazy=\"1\" class=\"module_row themify_builder_row repeat fullheight fullwidth tb_has_section tb_section-contact tb_28401f3 tf_clearfix\" >\n\t    \t\t<div class=\"row_inner col_align_middle gutter-none tf_box tf_w tf_rel\"  data-basecol=\"2\" data-col_tablet=\"column-full\">\n\t\t\t<div  data-lazy=\"1\" class=\"module_column tb-column col4-2 first tb_918d5ed repeat tf_box\">\n\t    \t    \t        <div class=\"tb-column-inner tf_box tf_w\">\n\t\t    <!-- module text -->\n<div  class=\"module module-text tb_ocu1694  repeat \" data-lazy=\"1\">\n            <div  class=\"tb_text_wrap\">\n    <h3>Contactez-nous<\/h3>\n<p><strong>PEPINOR<\/strong><br \/>4060, rang du haut St-Fran\u00e7ois<br \/>Laval, Qc, H7E 4P2<\/p>\n<p><strong>T\u00e9l : 450 661-2591<\/strong><br \/>Fax: 450 661-8842<\/p>\n<p><strong>HEURES D&#8217;OUVERTURE<\/strong><\/p>\n<p>De 8h00 \u00e0 18h00 du lundi au vendredi<\/p>\n<p>De 9h00 \u00e0 12h00 le samedi<\/p>\n<p>Nous sommes ferm\u00e9 le dimanche<\/p>    <\/div>\n<\/div>\n<!-- \/module text -->\t        <\/div>\n\t    \t<\/div>\n\t\t<div  data-lazy=\"1\" class=\"module_column tb-column col4-2 last tb_d50c1c8 fullcover tf_box\">\n\t    \t    \t<\/div>\n\t\t    <\/div>\n\t    <!-- \/row_inner -->\n\t<\/div>\n\t<!-- \/module_row -->\n\t<\/div>\n<!--\/themify_builder_content--><!-- AddThis Advanced Settings generic via filter on the_content --><!-- AddThis Share Buttons generic via filter on the_content -->","protected":false},"excerpt":{"rendered":"<p>Bienvenue Produits Prix Services Contactez-nous Bienvenue chez Pepinor PEPINOR existe depuis plus de 30 ans. Nous sommes une p\u00e9pini\u00e8re de production de Thuya occidental (C\u00e8dre, c\u00e8dre blanc, thuya du Canada, thuja occidentalis). NOTRE SP\u00c9CIALIT\u00c9 Les C\u00c8DRES DE HAIE que nous cultivons ici-m\u00eame sur la terre et vendons au prix du PRODUCTEUR. Nous sommes install\u00e9s sur [&hellip;]<!-- AddThis Advanced Settings generic via filter on get_the_excerpt --><!-- AddThis Share Buttons generic via filter on get_the_excerpt --><\/p>\n","protected":false},"author":1,"featured_media":0,"parent":0,"menu_order":0,"comment_status":"closed","ping_status":"closed","template":"","meta":{"_monsterinsights_skip_tracking":false,"_monsterinsights_sitenote_active":false,"_monsterinsights_sitenote_note":"","_monsterinsights_sitenote_category":0,"footnotes":""},"class_list":["post-160","page","type-page","status-publish","hentry","has-post-title","has-post-date","has-post-category","has-post-tag","has-post-comment","has-post-author",""],"builder_content":"<h3><a href=\"#about\">Bienvenue<\/a><\/h3>\n<h3><a href=\"#produits\">Produits<\/a><\/h3> <h3><a href=\"#prix\">Prix<\/a><\/h3> <h3><a href=\"#services\">Services<\/a><\/h3>\n<h3><a href=\"#Contact\/contact\">Contactez-nous<\/a><\/h3>\n<p>Bienvenue chez Pepinor<\/p> <p><strong>PEPINOR<\/strong> existe depuis plus de 30 ans.<\/p> <p>Nous sommes une p\u00e9pini\u00e8re de production de Thuya occidental (C\u00e8dre, c\u00e8dre blanc, thuya du Canada, thuja occidentalis).<\/p> <p><strong>NOTRE SP\u00c9CIALIT\u00c9<\/strong><\/p> <p>Les C\u00c8DRES DE HAIE que nous cultivons ici-m\u00eame sur la terre et vendons au prix du PRODUCTEUR.<\/p> <p>Nous sommes install\u00e9s sur la terre familiale, juste \u00e0 c\u00f4t\u00e9 de l\u2019autoroute 440 et autoroute 25, sur le rang du Haut St-Fran\u00e7ois.<\/p> <p>Nous avons une petite \u00e9quipe de travailleurs d\u00e9vou\u00e9s et exp\u00e9riment\u00e9s qui se feront un plaisir de vous servir et de vous faciliter la vie.<\/p> <p><img loading=\"lazy\" decoding=\"async\" src=\"http:\/\/pepinor.com\/wp-content\/uploads\/2019\/10\/pep5.jpg\" alt=\"\" width=\"685\" height=\"250\" srcset=\"http:\/\/pepinor.com\/wp-content\/uploads\/2019\/10\/pep5.jpg 685w, http:\/\/pepinor.com\/wp-content\/uploads\/2019\/10\/pep5-300x109.jpg 300w\" sizes=\"auto, (max-width: 685px) 100vw, 685px\" \/><\/p> <p>\u00a0<\/p>\n<h3>Nos Produits<\/h3> <h4><strong><em>Notre sp\u00e9cialit\u00e9 :<\/em><\/strong><strong>\u00a0les c\u00e8dres de haie.<\/strong><\/h4> <p><strong>Vous trouverez chez nous toute la gamme des terreaux\u00a0 et paillis de c\u00e8dre Les Sols Isabelle en sac,\u00a0<\/strong> divers produits de jardinage, des engrais et du compost.<\/p> <p><strong>Ainsi que la mini-carri\u00e8re pour le vrac :<\/strong><br \/>\u2666 terre noire,<br \/>\u2666 top soil,<br \/>\u2666 pierre concass\u00e9e,<br \/>\u2666 poussi\u00e8re de pierre, etc\u2026<\/p> <p><img loading=\"lazy\" decoding=\"async\" src=\"http:\/\/pepinor.com\/wp-content\/uploads\/2019\/10\/pep3.jpg\" alt=\"\" width=\"300\" height=\"100\" \/><\/p> <p>que nous pouvons livrer en petite quantit\u00e9<br \/>(1 \u00e0 5 verges pour la terre et jusqu\u2019\u00e0 4 tonnes pour la pierre).<\/p> <p>Notre \u00e9quipe exp\u00e9riment\u00e9e se fera un plaisir de vous aider et ce, 6 jours par semaine, d\u2019avril \u00e0 novembre\u00a0 (v\u00e9rifiez les horaires selon la saison)<\/p> <p>Tous nos c\u00e8dres d\u00e9butent par le semis en tunnel pour par la suite \u00eatre plant\u00e9 en champs et\/ou en pots. <a href=\"#produits2\">Voir la galerie de photos.<\/a><\/p>\n<h3>Nos services<\/h3> <h4><em><strong>Notre sp\u00e9cialit\u00e9 :\u00a0les c\u00e8dres de haie.<\/strong><\/em><\/h4> <p>Chez Pepinor, vous avez le choix :<\/p> <p>Bien que nous vous encouragions \u00e0 venir chercher vos c\u00e8dres sur place, vous pouvez utiliser notre <strong>service de livraison <\/strong>(Laval\/Rive-Nord).<\/p> <p>Appelez-nous afin de vous renseigner sur les co\u00fbts associ\u00e9s \u00e0 ce service ainsi que de sa disponibilit\u00e9 dans votre localit\u00e9.<\/p> <p><strong>Installation clef en main garantie<\/strong><\/p> <p>Nous pouvons aussi, si vous le d\u00e9sirez, effectuer la plantation de votre haie de c\u00e8dre (Laval\/Rive-nord).<\/p> <p>Ces travaux incluent le creusage de la tranch\u00e9e, la fourniture des c\u00e8dres, de la terre, du compost et de l\u2019engrais et nous offrons une garantie d\u2019un an.<\/p> <p><a href=\"#contact\">Appelez-nous!<\/a><\/p>\n<h3>Nos Prix<\/h3> <h4><em><strong>Notre sp\u00e9cialit\u00e9 :\u00a0les c\u00e8dres de haie.<\/strong><\/em><\/h4> <h4><strong>C\u00e8dres en pot<\/strong><\/h4> <p>Disponible de 3 \u00e0 4 pieds<\/p> <p>\u00c0 des prix tr\u00e8s comp\u00e9titifs! (<a href=\"#contact\">appelez-nous<\/a>)<\/p> <h4><strong>C\u00e8dres en mottes<\/strong><\/h4> <p><em>Bienvenue aux paysagistes<\/em>\u00a0<\/p> <p><img loading=\"lazy\" decoding=\"async\" src=\"http:\/\/pepinor.com\/wp-content\/uploads\/2020\/03\/motte-7-scaled-e1585074675149-300x163.jpg\" alt=\"\" width=\"350\" height=\"190\" srcset=\"http:\/\/pepinor.com\/wp-content\/uploads\/2020\/03\/motte-7-scaled-e1585074675149-300x163.jpg 300w, http:\/\/pepinor.com\/wp-content\/uploads\/2020\/03\/motte-7-scaled-e1585074675149-1024x556.jpg 1024w, http:\/\/pepinor.com\/wp-content\/uploads\/2020\/03\/motte-7-scaled-e1585074675149-768x417.jpg 768w, http:\/\/pepinor.com\/wp-content\/uploads\/2020\/03\/motte-7-scaled-e1585074675149.jpg 1414w\" sizes=\"auto, (max-width: 350px) 100vw, 350px\" \/><\/p> <p>C\u00e8dre de 4 pieds<\/p> <p>C\u00e8dre de 5 pieds<\/p> <p>C\u00e8dre de 6 pieds<\/p> <p>C\u00e8dre de 7 pieds<\/p> <p>Possibilit\u00e9 d'obtenir des c\u00e8dres de 8 pieds et plus (<a href=\"#contact\">appelez-nous<\/a>)<\/p>\n<h3>Plantation en images<\/h3>[gallery ids=\"291,366,241,316,367\"]\n<h3>Contactez-nous<\/h3> <p><strong>PEPINOR<\/strong><br \/>4060, rang du haut St-Fran\u00e7ois<br \/>Laval, Qc, H7E 4P2<\/p> <p><strong>T\u00e9l : 450 661-2591<\/strong><br \/>Fax: 450 661-8842<\/p> <p><strong>HEURES D'OUVERTURE<\/strong><\/p> <p>De 8h00 \u00e0 18h00 du lundi au vendredi<\/p> <p>De 9h00 \u00e0 12h00 le samedi<\/p> <p>Nous sommes ferm\u00e9 le dimanche<\/p>","_links":{"self":[{"href":"http:\/\/pepinor.com\/index.php\/wp-json\/wp\/v2\/pages\/160","targetHints":{"allow":["GET"]}}],"collection":[{"href":"http:\/\/pepinor.com\/index.php\/wp-json\/wp\/v2\/pages"}],"about":[{"href":"http:\/\/pepinor.com\/index.php\/wp-json\/wp\/v2\/types\/page"}],"author":[{"embeddable":true,"href":"http:\/\/pepinor.com\/index.php\/wp-json\/wp\/v2\/users\/1"}],"replies":[{"embeddable":true,"href":"http:\/\/pepinor.com\/index.php\/wp-json\/wp\/v2\/comments?post=160"}],"version-history":[{"count":126,"href":"http:\/\/pepinor.com\/index.php\/wp-json\/wp\/v2\/pages\/160\/revisions"}],"predecessor-version":[{"id":410,"href":"http:\/\/pepinor.com\/index.php\/wp-json\/wp\/v2\/pages\/160\/revisions\/410"}],"wp:attachment":[{"href":"http:\/\/pepinor.com\/index.php\/wp-json\/wp\/v2\/media?parent=160"}],"curies":[{"name":"wp","href":"https:\/\/api.w.org\/{rel}","templated":true}]}}